{"id":409,"date":"2019-05-22T17:50:29","date_gmt":"2019-05-22T17:50:29","guid":{"rendered":"https:\/\/www.neumannmeyer.com\/politica-de-privacidad\/"},"modified":"2019-05-22T17:50:29","modified_gmt":"2019-05-22T17:50:29","slug":"politica-de-privacidad","status":"publish","type":"page","link":"https:\/\/www.neumannmeyer.com\/de\/politica-de-privacidad\/","title":{"rendered":"Pol\u00edtica de privacidad"},"content":{"rendered":"<p style=\"margin-top: 0.42cm; margin-bottom: 0.42cm;\" align=\"justify\"><a name=\"_Hlk1468362\"><\/a> \u201c<span style=\"font-size: medium;\">Neumann Meyer\u201d<\/span><span style=\"color: #000000;\"><span style=\"font-size: medium;\"> se encuentra profundamente comprometido con el cumplimiento de la normativa espa\u00f1ola y europea de protecci\u00f3n de datos de car\u00e1cter personal, y garantiza el cumplimiento \u00edntegro de las obligaciones dispuestas, as\u00ed como la implementaci\u00f3n de las medidas de seguridad dispuestas en el Reglamento General de Protecci\u00f3n de Datos (RGPD) (UE) 2016\/679 y en Ley Org\u00e1nica 3\/2018, de 5 de diciembre, sobre protecci\u00f3n de datos y derechos digitales (LOPD y GDD, en adelante LOPD).<\/span><\/span><\/p>\n<p style=\"margin-top: 0.42cm; margin-bottom: 0.42cm;\" align=\"justify\"><span style=\"font-size: medium;\">De conformidad con estas normativas, informamos que la utilizaci\u00f3n de nuestro blog puede requerir que se faciliten ciertos datos personales a trav\u00e9s de formularios de registro o contacto, o mediante el env\u00edo de emails, y que \u00e9stos ser\u00e1n objeto de tratamiento por \u201c<\/span><b><span style=\"color: #000000;\"><span style=\"font-size: medium;\">Neumann Meyer\u201d<\/span><\/span><\/b><span style=\"font-size: medium;\">, Responsable del tratamiento, cuyos datos son:<\/span><\/p>\n<ul>\n<li>\n<p style=\"margin-right: -0cm; margin-top: 0.49cm; margin-bottom: 0cm; line-height: 100%;\"><span style=\"color: #000000;\"><span style=\"font-size: medium;\"><b>Denominaci\u00f3n Social<\/b><\/span><\/span><span style=\"color: #000000;\"><span style=\"font-size: medium;\">: Eduardo Garc\u00eda V\u00e9lez<\/span><\/span><\/p>\n<\/li>\n<li>\n<p style=\"margin-right: -0cm; margin-bottom: 0cm; line-height: 100%;\"><span style=\"color: #000000;\"><span style=\"font-size: medium;\"><b>CIF \/ NIF \/ NIE<\/b><\/span><\/span><span style=\"color: #000000;\"><span style=\"font-size: medium;\">: 23046564N<\/span><\/span><b> <\/b><\/p>\n<\/li>\n<li>\n<p style=\"margin-right: -0cm; margin-bottom: 0cm; line-height: 100%;\"><span style=\"color: #000000;\"><span style=\"font-size: medium;\"><b>Domicilio Social<\/b><\/span><\/span><span style=\"color: #000000;\"><span style=\"font-size: medium;\">: Calle \u00c1ngel 15, 30860, Puerto de Mazarr\u00f3n, (Murcia)<\/span><\/span><\/p>\n<\/li>\n<li>\n<p style=\"margin-right: -0cm; margin-bottom: 0cm; line-height: 100%;\"><span style=\"color: #000000;\"><span style=\"font-size: medium;\"><b>Tel\u00e9fono<\/b><\/span><\/span><span style=\"color: #000000;\"><span style=\"font-size: medium;\">: 646613991<\/span><\/span><\/p>\n<\/li>\n<li>\n<p style=\"margin-right: -0cm; margin-bottom: 0.49cm; line-height: 100%;\"><span style=\"color: #000000;\"><span style=\"font-size: medium;\"><b>eMail<\/b><\/span><\/span><span style=\"color: #000000;\"><span style=\"font-size: medium;\">: garc.velez@gmail.com<br \/>\n<\/span><\/span><\/p>\n<\/li>\n<\/ul>\n<p style=\"margin-top: 0.49cm; margin-bottom: 0.49cm;\" align=\"justify\"><b><span style=\"font-size: large;\">OBTENCI\u00d3N Y TRATAMIENTO DE DATOS<\/span><\/b><\/p>\n<p style=\"margin-top: 0.49cm; margin-bottom: 0.49cm;\" align=\"justify\">\u201c<span style=\"font-size: medium;\">Neumann Meyer\u201d, como Responsable del Tratamiento, tiene el deber de informar a los Usuarios de su sitio web acerca de la recogida de datos de car\u00e1cter personal que pueden llevarse a cabo, bien sea mediante el env\u00edo de correo electr\u00f3nico o al cumplimentar los formularios incluidos en el sitio web. Se obtendr\u00e1n \u00fanicamente los datos precisos para poder realizar el servicio contratado, o para poder responder adecuadamente a la petici\u00f3n de informaci\u00f3n realizada por el Usuario.<\/span><\/p>\n<p style=\"margin-top: 0.49cm; margin-bottom: 0.49cm; line-height: 115%;\" align=\"justify\"><span style=\"color: #000000;\"><span style=\"font-family: Arial, serif;\"><span style=\"font-size: medium;\"><span style=\"font-family: Calibri, serif;\"><u>Formularios de contacto\/email <\/u><\/span><\/span><\/span><\/span><\/p>\n<p style=\"margin-top: 0.49cm; margin-bottom: 0.49cm; line-height: 115%;\" align=\"justify\"><span style=\"color: #000000;\"><span style=\"font-family: Arial, serif;\"><span style=\"font-size: medium;\"><span style=\"font-family: Calibri, serif;\"><i>Finalidad<\/i><\/span><span style=\"font-family: Calibri, serif;\">: Dar contestaci\u00f3n a su solicitud de informaci\u00f3n realizada a trav\u00e9s de nuestro\/s formulario\/s de contacto.<\/span><\/span><\/span><\/span><\/p>\n<p style=\"margin-top: 0.49cm; margin-bottom: 0.49cm; line-height: 115%;\" align=\"justify\"><span style=\"color: #000000;\"><span style=\"font-family: Arial, serif;\"><span style=\"font-size: medium;\"><span style=\"font-family: Calibri, serif;\"><i>Legitimaci\u00f3n<\/i><\/span><span style=\"font-family: Calibri, serif;\">: La base jur\u00eddica que legitima este tratamiento es el consentimiento del Usuario, que podr\u00e1 revocar en cualquier momento.<\/span><\/span><\/span><\/span><\/p>\n<p style=\"margin-top: 0.49cm; margin-bottom: 0.49cm;\" align=\"justify\"><span style=\"font-size: medium;\"><i>Cesi\u00f3n de datos<\/i><\/span><span style=\"font-size: medium;\">: Los datos personales ser\u00e1n tratados a trav\u00e9s de servidores gestionados por <\/span><span style=\"color: #0000ff;\"><u><a href=\"https:\/\/www.artemahosting.com\/\"><span style=\"font-size: medium;\">Artema Hosting<\/span><\/a><\/u><\/span><span style=\"font-size: medium;\">, que tendr\u00e1 la consideraci\u00f3n de Encargado del Tratamiento<\/span><span style=\"font-family: Calibri, serif;\"><span style=\"font-size: medium;\">.<\/span><\/span><\/p>\n<p style=\"margin-top: 0.49cm; margin-bottom: 0.49cm; line-height: 115%;\" align=\"justify\"><span style=\"color: #000000;\"><span style=\"font-family: Arial, serif;\"><span style=\"font-size: medium;\"><span style=\"font-family: Calibri, serif;\"><u>Formularios de alta en lista de correo (newsletter) <\/u><\/span><\/span><\/span><\/span><\/p>\n<p style=\"margin-top: 0.49cm; margin-bottom: 0.49cm; line-height: 115%;\" align=\"justify\"><span style=\"color: #000000;\"><span style=\"font-family: Arial, serif;\"><span style=\"font-size: medium;\"><span style=\"font-family: Calibri, serif;\"><i>Finalidad<\/i><\/span><span style=\"font-family: Calibri, serif;\">: Env\u00edo de comunicaciones comerciales de inter\u00e9s para el Usuario. Tal y como establece la LSSICE, \u201cNeumann Meyer\u201d se compromete a no remitir comunicaciones comerciales sin identificarlas como tales. A estos efectos, no ser\u00e1 considerada como comunicaci\u00f3n comercial la informaci\u00f3n enviada a los clientes para el mantenimiento de la relaci\u00f3n contractual existente.<\/span><\/span><\/span><\/span><\/p>\n<p style=\"margin-top: 0.49cm; margin-bottom: 0.49cm; line-height: 115%;\" align=\"justify\"><span style=\"color: #000000;\"><span style=\"font-family: Arial, serif;\"><span style=\"font-size: medium;\"><span style=\"font-family: Calibri, serif;\"><i>Legitimaci\u00f3n<\/i><\/span><span style=\"font-family: Calibri, serif;\">: La base jur\u00eddica que legitima este tratamiento es el consentimiento del Usuario, que podr\u00e1 revocar en cualquier momento.<\/span><\/span><\/span><\/span><\/p>\n<p style=\"margin-top: 0.49cm; margin-bottom: 0.49cm;\" align=\"justify\"><span style=\"font-size: medium;\"><i>Cesi\u00f3n de datos<\/i><\/span><span style=\"font-size: medium;\">: Los datos personales ser\u00e1n tratados a trav\u00e9s de servidores gestionados por <\/span><span style=\"color: #0000ff;\"><u><a href=\"https:\/\/mailchimp.com\/\"><span style=\"font-size: medium;\">MailChimp<\/span><\/a><\/u><\/span><span style=\"font-size: medium;\"> y <\/span><span style=\"color: #0000ff;\"><u><a href=\"https:\/\/www.activecampaign.com\/\"><span style=\"font-size: medium;\">ActiveCampaign<\/span><\/a><\/u><\/span><span style=\"font-size: medium;\"> que tendr\u00e1n la consideraci\u00f3n de Encargados del Tratamiento<\/span><span style=\"font-family: Calibri, serif;\"><span style=\"font-size: medium;\">.<\/span><\/span><\/p>\n<p style=\"margin-top: 0.49cm; margin-bottom: 0.49cm;\" align=\"justify\"><span style=\"font-size: large;\"><b><br \/>\nCESI\u00d3N DE DATOS<\/b><\/span><\/p>\n<p style=\"margin-top: 0.49cm; margin-bottom: 0.49cm;\" align=\"justify\">\u201c<span style=\"font-size: medium;\">Neumann Meyer\u201d no ceder\u00e1 ni comunicar\u00e1 a ning\u00fan tercero tus datos, excepto en los casos legalmente previstos o cuando la prestaci\u00f3n de un servicio implique la necesidad de una relaci\u00f3n contractual con un Encargado de Tratamiento. As\u00ed, el Usuario acepta que algunos de los datos personales recabados sean facilitados a estos Encargados del Tratamiento (plataformas de pago, gestor\u00eda, intermediarios, etc.), cuando sea necesario para la efectiva realizaci\u00f3n de un servicio contratado o producto adquirido. El Usuario acepta tambi\u00e9n que alguno de los servicios puedan ser, total o parcialmente, subcontratados a otras personas o empresas, que tendr\u00e1n la consideraci\u00f3n de Encargados del Tratamiento, con los que se ha convenido el correspondiente contrato de confidencialidad, o adherido a sus pol\u00edticas de privacidad, establecidas en sus respectivas p\u00e1ginas web. El Usuario podr\u00e1 negarse a la cesi\u00f3n de tus datos a los Encargados del Tratamiento, mediante petici\u00f3n escrita, por cualquiera de los medios anteriormente referenciados<\/span><span style=\"font-family: Calibri, serif;\"><span style=\"font-size: medium;\">.<\/span><\/span><\/p>\n<p style=\"margin-top: 0.49cm; margin-bottom: 0.49cm;\" align=\"justify\"><a name=\"_Hlk527624292\"><\/a> <span style=\"font-family: Calibri, serif;\"><span style=\"font-size: medium;\">Adem\u00e1s, en aquellos casos en que sea necesario, los datos de Clientes podr\u00e1n ser cedidos a determinados organismos, en cumplimiento de una obligaci\u00f3n legal: Agencia Tributaria Espa\u00f1ola, entidades bancarias, Inspecci\u00f3n de Trabajo, etc.<\/span><\/span><\/p>\n<p style=\"margin-top: 0.49cm; margin-bottom: 0.49cm; line-height: 100%;\" align=\"justify\"><span style=\"font-size: medium;\"><br \/>\n<\/span><span style=\"font-size: large;\"><b>MEDIDAS DE SEGURIDAD<\/b><\/span><\/p>\n<p style=\"margin-top: 0.49cm; margin-bottom: 0.49cm; line-height: 100%;\" align=\"justify\"><span style=\"font-size: medium;\">Se informa a los Usuarios de que, en \u201cNeumann Meyer\u201d, se\u00a0han adoptado las medidas t\u00e9cnicas y organizativas conforme a lo dispuesto en la normativa de protecci\u00f3n de datos. Los datos personales que se recogen en los formularios son objeto de tratamiento, \u00fanicamente,\u00a0por parte del personal de \u201cNeumann Meyer\u201d o de los Encargados del Tratamiento aqu\u00ed establecidos.<\/span><\/p>\n<p style=\"margin-top: 0.49cm; margin-bottom: 0.49cm; line-height: 100%;\" align=\"justify\"><span style=\"font-size: medium;\">Se han adoptado las medidas de seguridad adecuadas a los datos que se facilitan y, adem\u00e1s, se han instalado todos los medios y medidas t\u00e9cnicas a su alcance para evitar la p\u00e9rdida, mal uso, alteraci\u00f3n, acceso no autorizado y robo de los datos que nos facilitan.<\/span><\/p>\n<p style=\"margin-top: 0.49cm; margin-bottom: 0.49cm; line-height: 100%;\" align=\"justify\"><span style=\"font-size: medium;\">El Sitio Web de \u201c<\/span><span style=\"font-size: medium;\">Neumann Meyer<\/span><span style=\"font-size: medium;\">\u201d cuenta, adem\u00e1s con un cifrado SSL, que permite al Usuario el env\u00edo seguro de sus datos personales a trav\u00e9s de los formularios de contacto del sitio web.<\/span><\/p>\n<p style=\"margin-top: 0.49cm; margin-bottom: 0.49cm; line-height: 100%;\" align=\"justify\"><b><span style=\"font-size: large;\"><br \/>\nVERACIDAD DE LOS DATOS<\/span><\/b><\/p>\n<p style=\"margin-top: 0.49cm; margin-bottom: 0.49cm;\" align=\"justify\"><span style=\"font-size: medium;\">El Usuario manifiesta que todos los datos facilitados por \u00e9l son ciertos y correctos y se compromete a mantenerlos actualizados. El Usuario responder\u00e1 de la veracidad de sus datos y ser\u00e1 el \u00fanico responsable de cuantos conflictos o litigios pudieran resultar por la falsedad de los mismos. Es importante que, para que podamos mantener los datos personales actualizados, el Usuario informe a \u201cNeumann Meyer\u201d siempre que haya habido alguna modificaci\u00f3n en los mismos.<\/span><\/p>\n<p style=\"margin-top: 0.49cm; margin-bottom: 0.49cm; line-height: 100%;\" align=\"justify\"><b><span style=\"font-size: large;\"><br \/>\nEJERCICIO DE DERECHOS<\/span><\/b><\/p>\n<p style=\"margin-bottom: 0cm; line-height: 115%;\" align=\"justify\"><span style=\"color: #000000;\"><span style=\"font-family: Arial, serif;\"><span style=\"font-size: medium;\"><span style=\"font-family: Calibri, serif;\">La LOPD y el RGPD conceden a los interesados la posibilidad de ejercer una serie de derechos relacionados con el tratamiento de sus datos personales. Para ello, el Usuario deber\u00e1 dirigirse, aportando documentaci\u00f3n que acredite su identidad (DNI o pasaporte), mediante correo electr\u00f3nico a <\/span><sup><span style=\"font-family: Calibri, serif;\">garc.velez@gmail.com, o bien mediante <\/span><\/sup><span style=\"font-family: Calibri, serif;\">comunicaci\u00f3n escrita a la direcci\u00f3n que aparece en nuestro Aviso Legal. Dicha comunicaci\u00f3n deber\u00e1 reflejar la siguiente informaci\u00f3n: nombre y apellidos del Usuario, la petici\u00f3n de solicitud, el domicilio y los datos acreditativos. <\/span><\/span><\/span><\/span><\/p>\n<p style=\"margin-top: 0.49cm; margin-bottom: 0.49cm; line-height: 100%;\" align=\"justify\"><span style=\"font-size: medium;\">El ejercicio de derechos deber\u00e1 ser realizado por el propio Usuario. No obstante, podr\u00e1n ser ejecutados por una persona autorizada como representante legal del Usuario, aport\u00e1ndose la documentaci\u00f3n que acredite dicha representaci\u00f3n.<\/span><\/p>\n<p style=\"margin-top: 0.49cm; margin-bottom: 0.49cm; line-height: 100%;\" align=\"justify\"><span style=\"font-size: medium;\">El Usuario podr\u00e1 solicitar el ejercicio de los derechos siguientes:<\/span><\/p>\n<ul>\n<li>\n<p style=\"margin-top: 0.49cm; margin-bottom: 0cm; line-height: 100%;\" align=\"justify\"><span style=\"font-size: medium;\">Derecho a solicitar el <\/span><span style=\"font-size: medium;\"><b>acceso<\/b><\/span><span style=\"font-size: medium;\"> a los datos personales.<\/span><\/p>\n<\/li>\n<li>\n<p style=\"margin-bottom: 0cm; line-height: 100%;\" align=\"justify\"><span style=\"font-size: medium;\">Derecho a solicitar su <\/span><span style=\"font-size: medium;\"><b>rectificaci\u00f3n<\/b><\/span><span style=\"font-size: medium;\"> (en caso de que sean incorrectos) o <\/span><span style=\"font-size: medium;\"><b>supresi\u00f3n<\/b><\/span><span style=\"font-size: medium;\">.<\/span><\/p>\n<\/li>\n<li>\n<p style=\"margin-bottom: 0cm; line-height: 100%;\" align=\"justify\"><span style=\"font-size: medium;\">Derecho a solicitar la <\/span><span style=\"font-size: medium;\"><b>limitaci\u00f3n<\/b><\/span><span style=\"font-size: medium;\"> de su tratamiento, en cuyo caso \u00fanicamente ser\u00e1n conservados por \u201cNeumann Meyer\u201d para el ejercicio o la defensa de reclamaciones.<\/span><\/p>\n<\/li>\n<li>\n<p style=\"margin-bottom: 0cm; line-height: 100%;\" align=\"justify\"><span style=\"font-size: medium;\">Derecho a <\/span><span style=\"font-size: medium;\"><b>oponerse<\/b><\/span><span style=\"font-size: medium;\"> al tratamiento: \u201cNeumann Meyer\u201d dejar\u00e1 de tratar sus datos, salvo que por motivos leg\u00edtimos o el ejercicio o la defensa de posibles reclamaciones se tengan que seguir tratando.<\/span><\/p>\n<\/li>\n<li>\n<p style=\"margin-bottom: 0.49cm; line-height: 100%;\" align=\"justify\"><span style=\"font-size: medium;\">Derecho a la <\/span><span style=\"font-size: medium;\"><b>portabilidad<\/b><\/span><span style=\"font-size: medium;\"> de los datos: en caso de que quiera que sus datos sean tratados por otra empresa, \u201cNeumann Meyer\u201d le facilitar\u00e1 la portabilidad de sus datos en formato exportable.<\/span><\/p>\n<\/li>\n<\/ul>\n<p style=\"margin-top: 0.49cm; margin-bottom: 0.49cm; line-height: 100%;\" align=\"justify\"><span style=\"font-size: medium;\">En el caso de que se haya otorgado el consentimiento para alguna finalidad espec\u00edfica, <\/span><span style=\"font-size: medium;\"><b>el Usuario tiene derecho a retirar el consentimiento en cualquier momento<\/b><\/span><span style=\"font-size: medium;\">, sin que ello afecte a la licitud del tratamiento basado en el consentimiento previo a su retirada.<\/span><\/p>\n<p style=\"margin-top: 0.49cm; margin-bottom: 0.49cm; line-height: 100%;\" align=\"justify\"><span style=\"font-size: medium;\">Si un Usuario considera que hay un problema con la forma en que \u201cNeumann Meyer\u201d est\u00e1 manejando sus datos, puede dirigir sus reclamaciones al Responsable de Seguridad o a la autoridad de protecci\u00f3n de datos que corresponda, siendo la Agencia Espa\u00f1ola de Protecci\u00f3n de Datos la indicada en el caso de Espa\u00f1a.<\/span><\/p>\n<p style=\"margin-top: 0.49cm; margin-bottom: 0.49cm; line-height: 100%;\" align=\"justify\"><span style=\"font-size: medium;\"><br \/>\n<\/span><span style=\"font-size: large;\"><b>CONSERVACI\u00d3N DE LOS DATOS<\/b><\/span><\/p>\n<p style=\"margin-top: 0.49cm; margin-bottom: 0.49cm; line-height: 100%;\" align=\"justify\"><span style=\"font-size: medium;\">Los datos de car\u00e1cter personal de los Usuarios que usen el formulario de contacto o de alta en el bolet\u00edn ser\u00e1n tratados durante el tiempo estrictamente necesario para atender a la solicitud de informaci\u00f3n, o hasta que se revoque el consentimiento otorgado.<\/span><\/p>\n<p style=\"margin-top: 0.49cm; margin-bottom: 0.49cm; line-height: 100%;\" align=\"justify\"><span style=\"font-size: medium;\">Por su parte, los datos de car\u00e1cter personal del Cliente ser\u00e1n tratados hasta que finalice la relaci\u00f3n contractual. El per\u00edodo de conservaci\u00f3n de los datos personales ser\u00e1 el m\u00ednimo necesario, pudiendo mantenerse hasta:<\/span><\/p>\n<ul>\n<li>\n<p style=\"margin-top: 0.49cm; margin-bottom: 0cm; line-height: 100%;\" align=\"justify\"><span style=\"font-size: medium;\">4 a\u00f1os: Ley sobre Infracciones y Sanciones en el Orden Social (obligaciones en materia de afiliaci\u00f3n, altas, bajas, cotizaci\u00f3n, pago de salarios\u2026); Arts. 66 y sig. Ley General Tributaria (libros de contabilidad\u2026)<\/span><\/p>\n<\/li>\n<li>\n<p style=\"margin-bottom: 0cm; line-height: 100%;\" align=\"justify\"><span style=\"font-size: medium;\">5 a\u00f1os: Art. 1964 C\u00f3digo Civil (acciones personales sin plazo especial)<\/span><\/p>\n<\/li>\n<li>\n<p style=\"margin-bottom: 0cm; line-height: 100%;\" align=\"justify\"><span style=\"font-size: medium;\">6 a\u00f1os: Art. 30 C\u00f3digo de Comercio (libros de contabilidad, facturas\u2026)<\/span><\/p>\n<\/li>\n<li>\n<p style=\"margin-bottom: 0cm; line-height: 100%;\" align=\"justify\"><span style=\"font-size: medium;\">10 a\u00f1os: Art. 25 Ley de Prevenci\u00f3n del Blanqueo de Capitales y Financiaci\u00f3n del Terrorismo.<\/span><\/p>\n<\/li>\n<li>\n<p style=\"margin-bottom: 0.49cm; line-height: 100%;\" align=\"justify\"><span style=\"font-size: medium;\">Sin plazo: datos desagregados y anonimizados.<\/span><\/p>\n<\/li>\n<\/ul>\n<p style=\"margin-top: 0.49cm; margin-bottom: 0.49cm; line-height: 100%;\" align=\"justify\"><a name=\"_Hlk527624308\"><\/a> <span style=\"font-size: medium;\">En el caso de que se traten datos de candidatos (C.V.), \u201cNeumann Meyer\u201d podr\u00e1 mantener almacenado su curr\u00edculo un m\u00e1ximo de dos a\u00f1os para incorporarlo a futuras convocatorias, a menos que el candidato se manifieste en contrario.<\/span><\/p>\n<p style=\"margin-top: 0.49cm; margin-bottom: 0.49cm; line-height: 100%;\" align=\"justify\"><span style=\"font-family: Times New Roman, serif;\"><span style=\"font-size: large;\"><b><br \/>\n<\/b><\/span><\/span><span style=\"font-family: Calibri, serif;\"><span style=\"font-size: large;\"><b>TRANSFERENCIAS INTERNACIONALES DE DATOS<\/b><\/span><\/span><\/p>\n<p style=\"margin-top: 0.49cm; margin-bottom: 0.49cm;\" align=\"justify\"><a name=\"_Hlk535921439\"><\/a> \u201c<span style=\"font-size: medium;\">Neumann Meyer<\/span>\u201d<span style=\"font-family: Calibri, serif;\"><span style=\"font-size: medium;\"> utiliza los servicios de mailing de <\/span><\/span><a href=\"https:\/\/mailchimp.com\/\" target=\"_blank\" rel=\"noopener\"><span style=\"color: #0000ff;\"><span style=\"font-family: Calibri, serif;\"><span style=\"font-size: medium;\"><u>MailChimp<\/u><\/span><\/span><\/span><\/a><span style=\"font-family: Calibri, serif;\"><span style=\"font-size: medium;\">\u00a0y de <\/span><\/span><a href=\"https:\/\/www.activecampaign.com\/\" target=\"_blank\" rel=\"noopener\"><span style=\"color: #0000ff;\"><span style=\"font-family: Calibri, serif;\"><span style=\"font-size: medium;\"><u>ActiveCampaign<\/u><\/span><\/span><\/span><\/a><span style=\"font-family: Calibri, serif;\"><span style=\"font-size: medium;\">. <\/span><\/span><span style=\"font-size: medium;\">El Usuario acepta expresamente y de forma inequ\u00edvoca su consentimiento para el tratamiento de sus datos y para la transferencia internacional de los mismos a esta\/s empresa\/s prestadora\/s de servicios.<\/span><\/p>\n<p style=\"margin-top: 0.49cm; margin-bottom: 0.49cm;\" align=\"justify\"><span style=\"font-size: large;\"><b><br \/>\nCONFIDENCIALIDAD<\/b><\/span><\/p>\n<p style=\"margin-top: 0.49cm; margin-bottom: 0.49cm;\" align=\"justify\"><span style=\"font-size: medium;\">La informaci\u00f3n suministrada por el cliente tendr\u00e1, en todo caso, la consideraci\u00f3n de confidencial, sin que pueda ser utilizada para otros fines distintos a los aqu\u00ed descritos. <\/span><span style=\"font-size: medium;\">\u201cNeumann Meyer\u201d<\/span><span style=\"font-size: medium;\"> se obliga a no divulgar ni revelar informaci\u00f3n sobre las pretensiones del Usuario, los motivos del asesoramiento solicitado o la duraci\u00f3n de su relaci\u00f3n con \u00e9ste.<\/span><\/p>\n<p style=\"margin-top: 0.49cm; margin-bottom: 0.49cm;\" align=\"justify\"><b><span style=\"font-size: large;\"><br \/>\nVALIDEZ<\/span><\/b><\/p>\n<p style=\"margin-bottom: 0.35cm;\"><span style=\"font-size: medium;\">Esta pol\u00edtica de privacidad y de protecci\u00f3n de datos ha sido redactada por SOLUCIONES LOW COST<\/span><span style=\"font-size: medium;\">\u00ae<\/span><span style=\"font-size: medium;\">, <\/span><span style=\"color: #0000ff;\"><u><a href=\"https:\/\/www.solucioneslowcost.es\/\"><span style=\"font-size: medium;\">empresa de RGPD<\/span><\/a><\/u><\/span><span style=\"font-size: medium;\">, a d\u00eda 22 de May de 2019, y podr\u00e1 variar en funci\u00f3n de los cambios de normativa y jurisprudencia que se vayan produciendo, siendo responsabilidad del titular de los datos la lectura del documento actualizado, en orden a conocer sus derechos y obligaciones al respecto<\/span><\/p>\n","protected":false},"excerpt":{"rendered":"<p>\u201cNeumann Meyer\u201d se encuentra profundamente comprometido con el cumplimiento de la normativa espa\u00f1ola y europea de protecci\u00f3n de datos de car\u00e1cter personal, y garantiza el cumplimiento \u00edntegro de las obligaciones dispuestas, as\u00ed como la implementaci\u00f3n de las medidas de seguridad dispuestas en el Reglamento General de Protecci\u00f3n de Datos (RGPD) (UE) 2016\/679 y en Ley &#8230; <a title=\"Pol\u00edtica de privacidad\" class=\"read-more\" href=\"https:\/\/www.neumannmeyer.com\/de\/politica-de-privacidad\/\" aria-label=\"Mehr Informationen \u00fcber Pol\u00edtica de privacidad\">Read more<\/a><\/p>\n","protected":false},"author":1,"featured_media":0,"parent":0,"menu_order":0,"comment_status":"closed","ping_status":"open","template":"","meta":{"footnotes":""},"class_list":["post-409","page","type-page","status-publish"],"_links":{"self":[{"href":"https:\/\/www.neumannmeyer.com\/de\/wp-json\/wp\/v2\/pages\/409","targetHints":{"allow":["GET"]}}],"collection":[{"href":"https:\/\/www.neumannmeyer.com\/de\/wp-json\/wp\/v2\/pages"}],"about":[{"href":"https:\/\/www.neumannmeyer.com\/de\/wp-json\/wp\/v2\/types\/page"}],"author":[{"embeddable":true,"href":"https:\/\/www.neumannmeyer.com\/de\/wp-json\/wp\/v2\/users\/1"}],"replies":[{"embeddable":true,"href":"https:\/\/www.neumannmeyer.com\/de\/wp-json\/wp\/v2\/comments?post=409"}],"version-history":[{"count":0,"href":"https:\/\/www.neumannmeyer.com\/de\/wp-json\/wp\/v2\/pages\/409\/revisions"}],"wp:attachment":[{"href":"https:\/\/www.neumannmeyer.com\/de\/wp-json\/wp\/v2\/media?parent=409"}],"curies":[{"name":"wp","href":"https:\/\/api.w.org\/{rel}","templated":true}]}}