{"id":378,"date":"2018-11-16T14:58:56","date_gmt":"2018-11-16T14:58:56","guid":{"rendered":"http:\/\/www.neumannmeyer.mytestingweb.com\/mentions-legales\/"},"modified":"2019-05-22T17:48:28","modified_gmt":"2019-05-22T17:48:28","slug":"mentions-legales","status":"publish","type":"page","link":"https:\/\/www.neumannmeyer.com\/fr\/mentions-legales\/","title":{"rendered":"Aviso legal"},"content":{"rendered":"<p style=\"margin-right: -0cm; margin-top: 0.49cm; margin-bottom: 0.49cm; line-height: 100%;\" align=\"justify\"><a name=\"_GoBack\"><\/a> <span style=\"color: #000000;\"><span style=\"font-size: medium;\">En cumplimiento de la\u00a0Ley 34\/2002, de 11 de julio, de Servicios de la Sociedad de la Informaci\u00f3n y Comercio Electr\u00f3nico (LSSI-CE), informamos a los Usuarios de los datos de la entidad o persona propietaria de esta p\u00e1gina web:<\/span><\/span><\/p>\n<p style=\"margin-right: -0cm; margin-top: 0.49cm; margin-bottom: 0.49cm; line-height: 100%;\"><span style=\"color: #000000;\"><span style=\"font-size: medium;\"><u>Responsable<\/u><\/span><\/span><\/p>\n<p style=\"margin-right: -0cm; margin-top: 0.49cm; margin-bottom: 0.49cm; line-height: 100%;\"><span style=\"color: #000000;\"><span style=\"font-size: medium;\"><b>-Denominaci\u00f3n Social<\/b><\/span><\/span><span style=\"color: #000000;\"><span style=\"font-size: medium;\">: Eduardo Garc\u00eda V\u00e9lez<br \/>\n<\/span><\/span><span style=\"color: #000000;\"><span style=\"font-size: medium;\"><b>-CIF \/ NIF \/ NIE<\/b><\/span><\/span><span style=\"color: #000000;\"><span style=\"font-size: medium;\">: 23046564N<br \/>\n<\/span><\/span><span style=\"color: #000000;\"><span style=\"font-size: medium;\"><b>-Nombre Comercial<\/b><\/span><\/span><span style=\"color: #000000;\"><span style=\"font-size: medium;\">: Neumann Meyer<br \/>\n<\/span><\/span><span style=\"color: #000000;\"><span style=\"font-size: medium;\"><b>-Domicilio Social<\/b><\/span><\/span><span style=\"color: #000000;\"><span style=\"font-size: medium;\">: Calle \u00c1ngel 15, 30860, Puerto de Mazarr\u00f3n, (Murcia)<\/span><\/span><\/p>\n<p style=\"margin-right: -0cm; margin-top: 0.49cm; margin-bottom: 0.49cm; line-height: 100%;\"><span style=\"color: #000000;\"><span style=\"font-size: medium;\"><u>Contacto<\/u><\/span><\/span><\/p>\n<p style=\"margin-right: -0cm; margin-top: 0.49cm; margin-bottom: 0.49cm; line-height: 100%;\"><span style=\"color: #000000;\"><span style=\"font-size: medium;\"><b>-Tel\u00e9fono<\/b><\/span><\/span><span style=\"color: #000000;\"><span style=\"font-size: medium;\">: 646613991<br \/>\n<\/span><\/span><span style=\"color: #000000;\"><span style=\"font-size: medium;\"><b>-eMail<\/b><\/span><\/span><span style=\"color: #000000;\"><span style=\"font-size: medium;\">: garc.velez@gmail.com<br \/>\n<\/span><\/span><span style=\"font-size: medium;\"><b>-Formulario de contacto online:<\/b><\/span> <span style=\"color: #0000ff;\"><u><a href=\"https:\/\/www.neumannmeyer.com\/\"><span style=\"font-size: medium;\">https:\/\/www.neumannmeyer.com\/<\/span><\/a><\/u><\/span> <span style=\"color: #000000;\"><span style=\"font-size: medium;\"><br \/>\n<\/span><\/span><\/p>\n<p style=\"margin-right: -0cm; margin-top: 0.49cm; margin-bottom: 0.49cm; line-height: 100%;\"><span style=\"color: #000000;\"><span style=\"font-size: medium;\"><u>Registros:<\/u><\/span><\/span><\/p>\n<p style=\"margin-right: -0cm; margin-top: 0.49cm; margin-bottom: 0.49cm; line-height: 100%;\"><span style=\"font-size: medium;\">&#8211;<\/span><span style=\"font-size: medium;\"><b>Registro de Tratamientos conforme al RGPD:<\/b><\/span><span style=\"font-size: medium;\"> Clientes\/Proveedores, Listas de Correo, Empleados y Usuarios Web.<\/span><span style=\"color: #000000;\"><span style=\"font-size: medium;\"><br \/>\n<\/span><\/span><span style=\"color: #000000;\"><span style=\"font-size: medium;\"><b>-Nombre de dominio (sitio web)<\/b><\/span><\/span><span style=\"color: #000000;\"><span style=\"font-size: medium;\">: <\/span><\/span><span style=\"color: #0000ff;\"><u><a href=\"https:\/\/www.neumannmeyer.com\/\"><span style=\"font-size: medium;\">https:\/\/www.neumannmeyer.com\/<\/span><\/a><\/u><\/span><span style=\"color: #000000;\"><span style=\"font-size: medium;\"><br \/>\n<\/span><\/span><span style=\"color: #000000;\"><br \/>\n<\/span><\/p>\n<p style=\"margin-right: -0cm; margin-top: 0.49cm; margin-bottom: 0.49cm; line-height: 100%;\" align=\"justify\"><span style=\"color: #000000;\"><span style=\"font-size: large;\"><b>OBJETO<\/b><\/span><\/span><\/p>\n<p style=\"margin-top: 0.49cm; margin-bottom: 0.49cm; line-height: 108%;\" align=\"justify\"><span style=\"font-size: medium;\">Eduardo Garc\u00eda V\u00e9lez (en adelante, \u201cNeumann Meyer\u201d)<\/span><span style=\"color: #000000;\"><span style=\"font-size: medium;\">, Responsable del sitio web, pone a disposici\u00f3n de los Usuarios la presente informaci\u00f3n al objeto de regular el uso de la p\u00e1gina que el mismo pone a disposici\u00f3n del p\u00fablico. <\/span><\/span><span style=\"color: #000000;\"><span style=\"font-size: medium;\">Toda persona que acceda a este sitio web asume el papel de Usuario, comprometi\u00e9ndose a la observancia y cumplimiento riguroso de las condiciones aqu\u00ed dispuestas, as\u00ed como a cualesquiera otra disposici\u00f3n legal que fuera de aplicaci\u00f3n.<\/span><\/span><\/p>\n<p style=\"margin-top: 0.42cm; margin-bottom: 0.42cm; line-height: 108%;\" align=\"justify\">\u201c<span style=\"font-size: medium;\">Neumann Meyer\u201d<\/span><span style=\"color: #000000;\"><span style=\"font-size: medium;\"> se reserva el derecho a modificar cualquier tipo de informaci\u00f3n que pudiera aparecer en el sitio web, sin que exista obligaci\u00f3n de preavisar o poner en conocimiento de los Usuarios dichas obligaciones, entendi\u00e9ndose como suficiente la publicaci\u00f3n en el sitio web.<\/span><\/span><\/p>\n<p style=\"margin-right: -0cm; margin-top: 0.49cm; margin-bottom: 0.49cm; line-height: 100%;\" align=\"justify\"><span style=\"color: #000000;\"><span style=\"font-size: medium;\"><b><br \/>\n<\/b><\/span><\/span><span style=\"color: #000000;\"><span style=\"font-size: large;\"><b>PROTECCI\u00d3N DE DATOS<\/b><\/span><\/span><\/p>\n<p style=\"margin-top: 0.42cm; margin-bottom: 0.42cm; line-height: 108%;\" align=\"justify\"><span style=\"font-size: medium;\">Toda la informaci\u00f3n relativa a la pol\u00edtica de protecci\u00f3n de datos de <\/span><span style=\"font-size: medium;\">\u201c<\/span><span style=\"color: #000000;\"><span style=\"font-size: medium;\">Neumann Meyer\u201d<\/span><\/span><span style=\"font-size: medium;\"> se encuentra en nuestra <\/span><span style=\"color: #000000;\"><span style=\"font-size: medium;\">\u201c<\/span><\/span><span style=\"font-size: medium;\">Pol\u00edtica de Privacidad<\/span><span style=\"color: #000000;\"><span style=\"font-size: medium;\">\u201d.<\/span><\/span><\/p>\n<p style=\"margin-top: 0.49cm; margin-bottom: 0.49cm; line-height: 100%;\" align=\"justify\"><span style=\"font-size: large;\"><b><br \/>\nPROPIEDAD INTELECTUAL<\/b><\/span><\/p>\n<p style=\"margin-top: 0.42cm; margin-bottom: 0.42cm; line-height: 108%;\" align=\"justify\"><span style=\"color: #000000;\"><span style=\"font-size: medium;\">El sitio web, incluyendo a t\u00edtulo enunciativo pero no limitativo su programaci\u00f3n, edici\u00f3n, compilaci\u00f3n y dem\u00e1s elementos necesarios para su funcionamiento, los dise\u00f1os, logotipos, texto y\/o gr\u00e1ficos son propiedad de <\/span><\/span><span style=\"font-size: medium;\">\u201c<\/span><span style=\"color: #000000;\"><span style=\"font-size: medium;\">Neumann Meyer\u201d<\/span><\/span><span style=\"color: #000000;\"><span style=\"font-size: medium;\"> o, en su caso, dispone de licencia o autorizaci\u00f3n expresa por parte de los autores. <\/span><\/span><\/p>\n<p style=\"margin-top: 0.42cm; margin-bottom: 0.42cm; line-height: 108%;\" align=\"justify\"><span style=\"color: #000000;\"><span style=\"font-size: medium;\">Todos los contenidos del sitio web se encuentran debidamente protegidos por la normativa de propiedad intelectual e industrial (art\u00edculos 8 y 32.1, p\u00e1rrafo segundo, de la Ley de Propiedad Intelectual), as\u00ed como inscritos en los registros p\u00fablicos correspondientes<\/span><\/span><span style=\"font-size: medium;\">, y no se permite la reproducci\u00f3n y\/o publicaci\u00f3n, total o parcial, del sitio web, ni su tratamiento inform\u00e1tico, su distribuci\u00f3n, difusi\u00f3n,\u00a0modificaci\u00f3n o transformaci\u00f3n, sin el permiso previo y por escrito del mismo. \u201c<\/span><span style=\"color: #000000;\"><span style=\"font-size: medium;\">Neumann Meyer\u201d<\/span><\/span><span style=\"font-size: medium;\"> velar\u00e1 por el cumplimiento de las anteriores condiciones, as\u00ed como por la debida utilizaci\u00f3n de los contenidos presentados en sus p\u00e1ginas web, ejercitando todas las acciones civiles y penales que le correspondan en el caso de infracci\u00f3n o incumplimiento de estos derechos por parte del Usuario.<\/span><\/p>\n<p style=\"margin-top: 0.42cm; margin-bottom: 0.42cm; line-height: 108%;\" align=\"justify\"><span style=\"color: #000000;\"><span style=\"font-size: medium;\">Los dise\u00f1os, logotipos, texto y\/o gr\u00e1ficos ajenos a <\/span><\/span><span style=\"font-size: medium;\">\u201c<\/span><span style=\"color: #000000;\"><span style=\"font-size: medium;\">Neumann Meyer\u201d<\/span><\/span><span style=\"color: #000000;\"><span style=\"font-size: medium;\"> y que pudieran aparecer en el sitio web, pertenecen a sus respectivos propietarios, siendo ellos mismos responsables de cualquier posible controversia que pudiera suscitarse respecto a los mismos. En todo caso, <\/span><\/span><span style=\"font-size: medium;\">\u201c<\/span><span style=\"color: #000000;\"><span style=\"font-size: medium;\">Neumann Meyer\u201d<\/span><\/span><span style=\"color: #000000;\"><span style=\"font-size: medium;\"> cuenta con la autorizaci\u00f3n expresa y previa por parte de los mismos. <\/span><\/span><span style=\"font-size: medium;\">\u201c<\/span><span style=\"color: #000000;\"><span style=\"font-size: medium;\">Neumann Meyer\u201d <\/span><\/span><span style=\"color: #000000;\"><span style=\"font-size: medium;\">reconoce a favor de sus titulares los correspondientes derechos de propiedad industrial e intelectual, no implicando su sola menci\u00f3n o aparici\u00f3n en el sitio web la existencia de derechos o responsabilidad alguna del Responsable sobre los mismos, como tampoco respaldo, patrocinio o recomendaci\u00f3n por parte del mismo.<\/span><\/span><\/p>\n<p style=\"margin-bottom: 0.28cm; line-height: 108%;\">\n<span style=\"font-size: large;\"><b>LEY APLICABLE Y JURISDICCI\u00d3N<\/b><\/span><\/p>\n<p style=\"margin-top: 0.42cm; margin-bottom: 0.42cm; line-height: 108%;\" align=\"justify\"><span style=\"font-size: medium;\">La relaci\u00f3n entre Responsable y Usuario se rige en todos y cada uno de sus extremos por la ley espa\u00f1ola, <\/span><span style=\"color: #000000;\"><span style=\"font-size: medium;\">a la que se someten expresamente las partes<\/span><\/span><span style=\"font-size: medium;\">. El idioma de redacci\u00f3n e interpretaci\u00f3n de este aviso legal es el espa\u00f1ol.<\/span><span style=\"color: #000000;\"><span style=\"font-size: medium;\"> Para la resoluci\u00f3n de todas las controversias o cuestiones relacionadas con el presente sitio web o de las actividades en \u00e9l desarrolladas, <\/span><\/span><span style=\"font-size: medium;\">\u201c<\/span><span style=\"color: #000000;\"><span style=\"font-size: medium;\">Neumann Meyer\u201d y Usuario acuerdan someterse a<\/span><\/span><span style=\"color: #000000;\"><span style=\"font-size: medium;\"> los Juzgados y Tribunales de Murcia.<\/span><\/span><\/p>\n<p style=\"margin-bottom: 0.35cm; letter-spacing: 0.8pt; background: #d9e2f3; page-break-before: always;\"><span style=\"color: #4472c4;\"><span style=\"font-family: Calibri Light, serif;\"><span style=\"font-size: medium;\"><i><span style=\"font-size: large;\">Condiciones de Uso<br \/>\n<\/span><\/i><\/span><\/span><\/span><\/p>\n<p style=\"margin-top: 0.49cm; margin-bottom: 0.49cm; line-height: 108%;\" align=\"justify\"><span style=\"font-size: medium;\">En esta web se detallan los servicios ofrecidos por\u00a0\u201cNeumann Meyer\u201d. Su uso implica\u00a0la aceptaci\u00f3n de\u00a0las siguientes\u00a0condiciones, declinando realizar cualquier reclamaci\u00f3n sobre las mismas<\/span><span style=\"font-size: medium;\">. Este sitio web contiene textos elaborados con fines meramente informativos o divulgativos, que pueden no reflejar el estado actual de la legislaci\u00f3n o la jurisprudencia, y que se refieren a situaciones generales, por lo que su contenido no debe ser aplicado necesariamente por el Usuario a casos concretos.<\/span><\/p>\n<p style=\"margin-right: -0cm; margin-top: 0.49cm; margin-bottom: 0.49cm; line-height: 100%;\" align=\"justify\"><span style=\"color: #000000;\"><span style=\"font-size: medium;\">a) El uso de esta web est\u00e1 dirigido a Usuarios de 14 o m\u00e1s a\u00f1os. Los menores de 14 a\u00f1os deber\u00e1n contar con la autorizaci\u00f3n expresa de sus padres o tutores legales para poder utilizar esta web.<\/span><\/span><\/p>\n<p style=\"margin-right: -0cm; margin-top: 0.49cm; margin-bottom: 0.49cm; line-height: 100%;\" align=\"justify\"><span style=\"color: #000000;\"><span style=\"font-size: medium;\">b)\u00a0\u201cNeumann Meyer\u201d podr\u00e1 modificar el contenido de la web, sus servicios y productos, tarifas, garant\u00edas, etc., en cualquier momento y sin previo aviso.<\/span><\/span><\/p>\n<p style=\"margin-right: -0cm; margin-top: 0.49cm; margin-bottom: 0.49cm; line-height: 100%;\" align=\"justify\"><span style=\"color: #000000;\"><span style=\"font-size: medium;\">c)\u00a0\u201cNeumann Meyer\u201d puede poner a\u00a0disposici\u00f3n del\u00a0Usuario\u00a0enlaces u otros elementos que permiten el acceso hacia otros sitios web pertenecientes a terceros. No comercializamos los productos y servicios de dichas p\u00e1ginas enlazadas, ni asumimos ning\u00fan tipo de responsabilidad sobre las mismas, ni sobre la informaci\u00f3n contenida en ellas, ni su veracidad o licitud,\u00a0ni de cualesquiera efectos que pudieran derivarse.<\/span><\/span> <span style=\"color: #000000;\"><span style=\"font-size: medium;\">En todo caso, <\/span><\/span><span style=\"color: #000000;\"><span style=\"font-size: medium;\">\u201cNeumann Meyer\u201d <\/span><\/span><span style=\"color: #000000;\"><span style=\"font-size: medium;\">manifiesta que proceder\u00e1 a la retirada inmediata de cualquier contenido que pudiera contravenir la legislaci\u00f3n nacional o internacional, la moral o el orden p\u00fablico, procediendo a la retirada inmediata de la redirecci\u00f3n a dicho sitio web, poniendo en conocimiento de las autoridades competentes el contenido en cuesti\u00f3n.<\/span><\/span><\/p>\n<p style=\"margin-right: -0cm; margin-top: 0.49cm; margin-bottom: 0.49cm; line-height: 100%;\" align=\"justify\"><span style=\"color: #000000;\"><span style=\"font-size: medium;\">d) Los precios indicados en la web, de haberlos, ser\u00e1n v\u00e1lidos salvo error tipogr\u00e1fico, y susceptibles de cambios sin previo aviso.<\/span><\/span><\/p>\n<p style=\"margin-right: -0cm; margin-top: 0.49cm; margin-bottom: 0.49cm; line-height: 100%;\" align=\"justify\"><span style=\"color: #000000;\"><span style=\"font-size: medium;\">e) No\u00a0es necesario registrarse en la web, ni facilitar ning\u00fan tipo de dato personal, para navegar por la misma.<\/span><\/span><\/p>\n<p style=\"margin-right: -0cm; margin-top: 0.49cm; margin-bottom: 0.49cm; line-height: 100%;\" align=\"justify\"><span style=\"color: #000000;\"><span style=\"font-size: medium;\">f)\u00a0\u201cNeumann Meyer\u201d no\u00a0puede\u00a0garantizar el funcionamiento ininterrumpido o totalmente libre de errores de esta web. Por tanto, no\u00a0nos hacemos responsables de ning\u00fan da\u00f1o causado por el uso de este sitio.<\/span><\/span><\/p>\n<p style=\"margin-right: -0cm; margin-top: 0.49cm; margin-bottom: 0.49cm; line-height: 100%;\" align=\"justify\"><span style=\"color: #000000;\"><span style=\"font-size: medium;\">g)\u00a0\u201cNeumann Meyer\u201d ofrece sus servicios y productos de manera indefinida, pudiendo, no obstante, suspender la prestaci\u00f3n de los mismos, unilateralmente y sin previo aviso.<\/span><\/span><\/p>\n<p style=\"margin-right: -0cm; margin-top: 0.49cm; margin-bottom: 0.49cm; line-height: 100%;\" align=\"justify\"><span style=\"color: #000000;\"><span style=\"font-size: medium;\">h)\u00a0\u201cNeumann Meyer\u201d no se har\u00e1 responsable de los da\u00f1os y perjuicios, propios o a terceros, producidos por un mal uso de esta web por parte del Usuario.<\/span><\/span><\/p>\n<p style=\"margin-right: -0cm; margin-top: 0.49cm; margin-bottom: 0.49cm; line-height: 100%;\" align=\"justify\"><span style=\"color: #000000;\"><span style=\"font-size: medium;\">i) El Usuario se compromete a no utilizar esta web ni los servicios ofrecidos en ella para la realizaci\u00f3n de actividades contrarias a la ley, al orden p\u00fablico o a estas condiciones. El Usuario que act\u00fae contra la imagen, buen nombre o reputaci\u00f3n de \u201cNeumann Meyer\u201d, as\u00ed como quien utilice il\u00edcita o fraudulentamente los dise\u00f1os, logos o contenidos de la web y\/o atente en cualquier forma contra los derechos de propiedad intelectual e industrial de la web o de los contenidos y servicios de la misma, ser\u00e1 responsable frente a \u201cNeumann Meyer\u201d de su actuaci\u00f3n.<\/span><\/span><\/p>\n<p style=\"margin-right: -0cm; margin-top: 0.49cm; margin-bottom: 0.49cm; line-height: 100%;\" align=\"justify\"><span style=\"color: #000000;\"><span style=\"font-size: medium;\">j)\u00a0\u201cNeumann Meyer\u201d\u00a0no se responsabiliza de los virus que tengan su origen en una transmisi\u00f3n telem\u00e1tica infiltrados por terceros generados con la finalidad de obtener resultados negativos para un sistema inform\u00e1tico.<\/span><\/span><\/p>\n<p style=\"margin-top: 0.42cm; margin-bottom: 0.42cm; line-height: 108%;\" align=\"justify\"><b><span style=\"color: #000000;\">k) <\/span><\/b><span style=\"color: #000000;\"><span style=\"font-size: medium;\">\u201cNeumann Meyer\u201d <\/span><\/span><b><span style=\"color: #000000;\">no se hace responsable de la informaci\u00f3n y contenidos almacenados, a t\u00edtulo enunciativo pero no limitativo, en foros, chat\u00b4s, generadores de blogs, comentarios, redes sociales o cualesquiera otro medio que permita a terceros publicar contenidos. No obstante y en cumplimiento de lo dispuesto en el art. 11 y 16 de la LSSI-CE, <\/span><\/b><span style=\"color: #000000;\"><span style=\"font-size: medium;\">\u201cNeumann Meyer\u201d <\/span><\/span><b><span style=\"color: #000000;\">se pone a disposici\u00f3n de todos los Usuarios, autoridades y fuerzas de seguridad, y colaborando de forma activa en la retirada o en su caso bloqueo de todos aquellos contenidos que pudieran afectar o contravenir la legislaci\u00f3n nacional, o internacional, derechos de terceros o la moral y el orden p\u00fablico. En caso de que el Usuario considere que existe en el sitio web alg\u00fan contenido que pudiera ser susceptible de esta clasificaci\u00f3n, se ruega lo notifique de forma inmediata al administrador del sitio web.<\/span><\/b><\/p>\n<p style=\"margin-top: 0.42cm; margin-bottom: 0.42cm; line-height: 108%;\" align=\"justify\"><span style=\"color: #000000;\"><span style=\"font-size: medium;\">l) Este sitio web ha sido revisado y probado para que funcione correctamente. En principio, puede garantizarse el correcto funcionamiento los 365 d\u00edas del a\u00f1o, 24 horas al d\u00eda. No obstante, <\/span><\/span><span style=\"color: #000000;\"><span style=\"font-size: medium;\">\u201cNeumann Meyer\u201d <\/span><\/span><span style=\"color: #000000;\"><span style=\"font-size: medium;\">no descarta la posibilidad de que existan ciertos errores de programaci\u00f3n, o que acontezcan causas de fuerza mayor, cat\u00e1strofes naturales, huelgas, o circunstancias semejantes que hagan imposible el acceso temporal a la p\u00e1gina web.<\/span><\/span><\/p>\n<p style=\"margin-top: 0.49cm; margin-bottom: 0.49cm; line-height: 108%;\" align=\"justify\"><a name=\"cookies\"><\/a> <span style=\"font-size: medium;\">m) El contenido de los art\u00edculos publicados en este sitio web no puede ser considerado, en ning\u00fan caso, sustitutivo de asesoramiento legal. Si fuera el caso, el Usuario no debe actuar sobre la base de la informaci\u00f3n contenida en este sitio web sin recurrir previamente al correspondiente asesoramiento profesional.<\/span><\/p>\n<p style=\"margin-bottom: 0.28cm; line-height: 108%;\"><span style=\"font-size: medium;\">n) <\/span><span style=\"color: #000000;\"><span style=\"font-size: medium;\">\u201cNeumann Meyer\u201d <\/span><\/span><span style=\"font-size: medium;\">ser reserva el derecho a denegar o retirar el acceso a la web y\/o los servicios ofrecidos sin necesidad de advertencia previa, a instancia propia o de un tercero, a aquellos Usuarios que incumplan nuestras Condiciones de Uso.<\/span><\/p>\n","protected":false},"excerpt":{"rendered":"<p>En cumplimiento de la\u00a0Ley 34\/2002, de 11 de julio, de Servicios de la Sociedad de la Informaci\u00f3n y Comercio Electr\u00f3nico (LSSI-CE), informamos a los Usuarios de los datos de la entidad o persona propietaria de esta p\u00e1gina web: Responsable -Denominaci\u00f3n Social: Eduardo Garc\u00eda V\u00e9lez -CIF \/ NIF \/ NIE: 23046564N -Nombre Comercial: Neumann Meyer -Domicilio &#8230; <a title=\"Aviso legal\" class=\"read-more\" href=\"https:\/\/www.neumannmeyer.com\/fr\/mentions-legales\/\" aria-label=\"En savoir plus sur Aviso legal\">Read more<\/a><\/p>\n","protected":false},"author":1,"featured_media":0,"parent":0,"menu_order":0,"comment_status":"closed","ping_status":"closed","template":"","meta":{"footnotes":""},"class_list":["post-378","page","type-page","status-publish"],"_links":{"self":[{"href":"https:\/\/www.neumannmeyer.com\/fr\/wp-json\/wp\/v2\/pages\/378","targetHints":{"allow":["GET"]}}],"collection":[{"href":"https:\/\/www.neumannmeyer.com\/fr\/wp-json\/wp\/v2\/pages"}],"about":[{"href":"https:\/\/www.neumannmeyer.com\/fr\/wp-json\/wp\/v2\/types\/page"}],"author":[{"embeddable":true,"href":"https:\/\/www.neumannmeyer.com\/fr\/wp-json\/wp\/v2\/users\/1"}],"replies":[{"embeddable":true,"href":"https:\/\/www.neumannmeyer.com\/fr\/wp-json\/wp\/v2\/comments?post=378"}],"version-history":[{"count":1,"href":"https:\/\/www.neumannmeyer.com\/fr\/wp-json\/wp\/v2\/pages\/378\/revisions"}],"predecessor-version":[{"id":400,"href":"https:\/\/www.neumannmeyer.com\/fr\/wp-json\/wp\/v2\/pages\/378\/revisions\/400"}],"wp:attachment":[{"href":"https:\/\/www.neumannmeyer.com\/fr\/wp-json\/wp\/v2\/media?parent=378"}],"curies":[{"name":"wp","href":"https:\/\/api.w.org\/{rel}","templated":true}]}}