{"id":402,"date":"2019-05-22T17:48:59","date_gmt":"2019-05-22T17:48:59","guid":{"rendered":"https:\/\/www.neumannmeyer.com\/politica-de-cookies\/"},"modified":"2019-05-22T17:48:59","modified_gmt":"2019-05-22T17:48:59","slug":"politica-de-cookies","status":"publish","type":"page","link":"https:\/\/www.neumannmeyer.com\/nl\/politica-de-cookies\/","title":{"rendered":"Pol\u00edtica de cookies"},"content":{"rendered":"<p style=\"margin-top: 0.49cm; margin-bottom: 0.49cm; line-height: 100%;\" align=\"justify\"><span style=\"font-size: medium;\"><b>Uso de cookies en la web<\/b><\/span><\/p>\n<p style=\"margin-top: 0.49cm; margin-bottom: 0.49cm; line-height: 100%;\" align=\"justify\"><span style=\"font-size: medium;\">En cumplimiento de la Ley 34\/2002, de 11 de julio, de Servicios de la Sociedad de la Informaci\u00f3n y Comercio Electr\u00f3nico le informamos de la utilizaci\u00f3n de cookies en la web de <\/span><span style=\"font-size: medium;\">\u201cNeumann Meyer\u201d.<\/span><\/p>\n<p style=\"margin-top: 0.49cm; margin-bottom: 0.49cm; line-height: 100%;\" align=\"justify\"><span style=\"font-size: medium;\">Una cookie es un fichero que se descarga en su ordenador o el dispositivo que utilice (smartphone, tableta, televisi\u00f3n conectada\u2026.) al acceder a determinadas p\u00e1ginas web. Las cookies permiten, entre otras cosas, recopilar informaci\u00f3n estad\u00edstica, facilitar ciertas funcionalidades t\u00e9cnicas, almacenar y recuperar informaci\u00f3n sobre los h\u00e1bitos de navegaci\u00f3n o preferencias de un Usuario o de su equipo y, dependiendo de la informaci\u00f3n que contengan y de la forma en que utilice su equipo, pueden utilizarse para reconocer al Usuario, recordar aspectos del Usuario como su idioma, pa\u00eds, navegador, etc. En caso de no querer recibir cookies, por favor, configura el navegador para que las borre del disco duro de su ordenador, las bloquee o te avise en su caso de instalaci\u00f3n de las mismas. Para continuar sin cambios en la configuraci\u00f3n de las cookies, simplemente, contin\u00faa navegando en la p\u00e1gina web.<\/span><\/p>\n<p style=\"margin-top: 0.49cm; margin-bottom: 0.49cm; line-height: 100%;\"><span style=\"font-size: medium;\"><b>Configuraci\u00f3n de cookies<\/b><\/span><\/p>\n<p style=\"margin-top: 0.49cm; margin-bottom: 0.49cm; line-height: 100%;\" align=\"justify\"><span style=\"font-family: Times New Roman, serif;\"><span style=\"font-size: medium;\"><span style=\"font-family: Calibri, serif;\">El Usuario permitir, bloquear o eliminar las cookies instaladas en su equipo mediante la configuraci\u00f3n de las opciones de su navegador. Puede encontrar informaci\u00f3n sobre c\u00f3mo hacerlo, en relaci\u00f3n con los navegadores m\u00e1s comunes en los links que se incluyen a continuaci\u00f3n:<\/span><\/span><\/span><\/p>\n<p style=\"margin-top: 0.49cm; margin-bottom: 0.49cm; line-height: 100%;\"><span style=\"font-family: Times New Roman, serif;\"><span style=\"font-size: medium;\"><span style=\"font-family: Calibri, serif;\">-Para <\/span><span style=\"color: #0000ff;\"><u><a href=\"http:\/\/windows.microsoft.com\/es-es\/internet-explorer\/delete-manage-cookies#ie=ie-11\" target=\"_blank\" rel=\"noopener\"><span style=\"font-family: Calibri, serif;\">Internet Explorer<\/span><\/a><\/u><\/span><span style=\"font-family: Calibri, serif;\">\u2122 -Para <\/span><span style=\"color: #0000ff;\"><u><a href=\"http:\/\/www.apple.com\/legal\/privacy\/es\/cookies\/\" target=\"_blank\" rel=\"noopener\"><span style=\"font-family: Calibri, serif;\">Safari<\/span><\/a><\/u><\/span><span style=\"font-family: Calibri, serif;\">\u2122 -Para <\/span><span style=\"color: #0000ff;\"><u><a href=\"https:\/\/support.google.com\/chrome\/answer\/95647?hl=es\" target=\"_blank\" rel=\"noopener\"><span style=\"font-family: Calibri, serif;\">Chrome<\/span><\/a><\/u><\/span><span style=\"font-family: Calibri, serif;\">\u2122 -Para <\/span><span style=\"color: #0000ff;\"><u><a href=\"https:\/\/support.mozilla.org\/es\/kb\/cookies-informacion-que-los-sitios-web-guardan-en-?redirectlocale=en-US&amp;redirectslug=Cookies\" target=\"_blank\" rel=\"noopener\"><span style=\"font-family: Calibri, serif;\">Firefox<\/span><\/a><\/u><\/span><span style=\"font-family: Calibri, serif;\">\u2122 -Para <\/span><span style=\"color: #0000ff;\"><u><a href=\"https:\/\/www.opera.com\/help\/tutorials\/security\/cookies\/#sitenav\" target=\"_blank\" rel=\"noopener\"><span style=\"font-family: Calibri, serif;\">Opera<\/span><\/a><\/u><\/span><span style=\"font-family: Calibri, serif;\">\u2122 -Para <\/span><span style=\"color: #0000ff;\"><u><a href=\"https:\/\/privacy.microsoft.com\/es-es\/windows-10-microsoft-edge-and-privacy\"><span style=\"font-family: Calibri, serif;\">Edge<\/span><\/a><\/u><\/span><span style=\"font-family: Calibri, serif;\">\u2122<\/span><\/span><\/span><\/p>\n<p style=\"margin-top: 0.49cm; margin-bottom: 0.49cm; line-height: 100%;\"><span style=\"font-size: medium;\"><b><br \/>\n<\/b><\/span><span style=\"font-size: medium;\"><b>Aceptaci\u00f3n de cookies<\/b><\/span><\/p>\n<p style=\"margin-top: 0.49cm; margin-bottom: 0.49cm; line-height: 100%;\" align=\"justify\"><span style=\"font-size: medium;\">Al acceder a este sitio web por primera vez, ver\u00e1 una ventana d\u00f3nde se le informa de la utilizaci\u00f3n de las cookies y donde puede consultar esta \u201cPol\u00edtica de cookies\u201d. Puedes cambiar la configuraci\u00f3n de cookies en cualquier momento, configurando el navegador para aceptar, o no, las cookies que recibe o para que el navegador te avise cuando un servidor quiera guardar una cookie. Te informamos de que, en el caso de bloquear o no aceptar la instalaci\u00f3n de cookies, es posible que ciertos servicios no est\u00e9n disponibles sin la utilizaci\u00f3n de \u00e9stas o que no pueda acceder a determinados servicios ni tampoco aprovechar por completo todo lo que nuestras webs ofrecen.<\/span><\/p>\n<p style=\"margin-top: 0.49cm; margin-bottom: 0.49cm; line-height: 100%;\" align=\"justify\">\u201c<span style=\"font-size: medium;\">Neumann Meyer\u201d<\/span><span style=\"font-size: medium;\"> te agradece que consientas la aceptaci\u00f3n de cookies, esto nos ayuda a obtener datos m\u00e1s precisos que nos permiten mejorar el contenido y el dise\u00f1o de nuestras p\u00e1ginas webs para adaptarlas a tus preferencias.<\/span><\/p>\n","protected":false},"excerpt":{"rendered":"<p>Uso de cookies en la web En cumplimiento de la Ley 34\/2002, de 11 de julio, de Servicios de la Sociedad de la Informaci\u00f3n y Comercio Electr\u00f3nico le informamos de la utilizaci\u00f3n de cookies en la web de \u201cNeumann Meyer\u201d. Una cookie es un fichero que se descarga en su ordenador o el dispositivo que &#8230; <a title=\"Pol\u00edtica de cookies\" class=\"read-more\" href=\"https:\/\/www.neumannmeyer.com\/nl\/politica-de-cookies\/\" aria-label=\"Lees meer over Pol\u00edtica de cookies\">Read more<\/a><\/p>\n","protected":false},"author":1,"featured_media":0,"parent":0,"menu_order":0,"comment_status":"closed","ping_status":"closed","template":"","meta":{"footnotes":""},"class_list":["post-402","page","type-page","status-publish"],"_links":{"self":[{"href":"https:\/\/www.neumannmeyer.com\/nl\/wp-json\/wp\/v2\/pages\/402","targetHints":{"allow":["GET"]}}],"collection":[{"href":"https:\/\/www.neumannmeyer.com\/nl\/wp-json\/wp\/v2\/pages"}],"about":[{"href":"https:\/\/www.neumannmeyer.com\/nl\/wp-json\/wp\/v2\/types\/page"}],"author":[{"embeddable":true,"href":"https:\/\/www.neumannmeyer.com\/nl\/wp-json\/wp\/v2\/users\/1"}],"replies":[{"embeddable":true,"href":"https:\/\/www.neumannmeyer.com\/nl\/wp-json\/wp\/v2\/comments?post=402"}],"version-history":[{"count":0,"href":"https:\/\/www.neumannmeyer.com\/nl\/wp-json\/wp\/v2\/pages\/402\/revisions"}],"wp:attachment":[{"href":"https:\/\/www.neumannmeyer.com\/nl\/wp-json\/wp\/v2\/media?parent=402"}],"curies":[{"name":"wp","href":"https:\/\/api.w.org\/{rel}","templated":true}]}}